{"id":3933,"date":"2022-04-11T14:53:12","date_gmt":"2022-04-11T12:53:12","guid":{"rendered":"https:\/\/sturehof-dev.wetail.dev\/?page_id=3933"},"modified":"2025-01-29T09:35:02","modified_gmt":"2025-01-29T08:35:02","slug":"privacy-policy","status":"publish","type":"page","link":"https:\/\/teatergrillen.se\/en\/privacy-policy\/","title":{"rendered":"privacy policy\/"},"content":{"rendered":"\n<h1>\n\t\tIntegritetspolicy\n\t<\/h1>\n\t<p>Integritetspolicy<\/p>\n<p>&nbsp;<\/p>\n<p>Denna integritetspolicy r\u00f6r dig som \u00e4r g\u00e4st p\u00e5 n\u00e5gon av Svenska Brasseriers restauranger. Din integritet \u00e4r viktig f\u00f6r oss och vi vill alltid vara \u00f6ppna med hur vi behandlar dina personuppgifter f\u00f6r att du ska k\u00e4nna dig trygg n\u00e4r du l\u00e4mnar dina uppgifter till oss. I denna integritetspolicy hittar du information om hur vi behandlar dina personuppgifter.<\/p>\n<p>&nbsp;<\/p>\n<p>Vem ansvarar f\u00f6r de personuppgifter vi samlar in?<\/p>\n<p>Svenska Brasserier AB, org. Nr 556437-0400, gatuadress Stadsg\u00e5rden 12B, 11645 Stockholm \u00e4r personuppgiftsansvarig f\u00f6r de personuppgifter du l\u00e4mnar till oss genom k\u00f6p och \u00f6vrig kontakt med oss och ansvarar f\u00f6r behandling av dessa.<\/p>\n<p>&nbsp;<\/p>\n<p>Var lagras dina personuppgifter?<\/p>\n<p>Vi efterstr\u00e4var att dina personuppgifter i s\u00e5 h\u00f6g grad som m\u00f6jligt ska behandlas inom det europeiska ekonomiska samarbetsomr\u00e5det (EES) och alla v\u00e5ra egna IT-system, men kan \u00e4ven \u00f6verf\u00f6ras och bearbetas i ett land utanf\u00f6r EES (s.k. &#8220;tredje land&#8221;). S\u00e5dan \u00f6verf\u00f6ring sker endast till mottagarland med adekvat skyddsniv\u00e5 och i enlighet med g\u00e4llande lagstiftning. Om \u00f6verf\u00f6ring sker till partner f\u00f6r en tj\u00e4nst i USA sker detta endast till f\u00f6retag som omfattas av det s\u00e5 kallade &#8220;Privacy Shield&#8221;, vilken \u00e4r en \u00f6verenskommelse om skydd f\u00f6r personuppgifter mellan EU och USA.<\/p>\n<p>&nbsp;<\/p>\n<p>Vad f\u00f6r slags personuppgifter samlar vi in?<\/p>\n<p>Vi samlar in personuppgifter som du skickar till oss n\u00e4r du g\u00f6r best\u00e4llningar p\u00e5 v\u00e5r webbplats, anm\u00e4ler dig till v\u00e5rt nyhetsbrev eller deltar i eventuella t\u00e4vlingar. De personuppgifter som du skickar till oss kan till exempel omfatta kontaktinformation, f\u00f6delsedatum och betalningsinformation. Vi kan ocks\u00e5 komma att samla in vissa personuppgifter fr\u00e5n externa partners s\u00e5som adressuppgifter fr\u00e5n offentliga register och uppgifter om kreditv\u00e4rdighet fr\u00e5n kreditv\u00e4rderingsinstitut, banker eller kreditupplysningf\u00f6retag.<\/p>\n<p>Exempel p\u00e5 personuppgifter som vi samlar in om dig vid dessa tillf\u00e4llen \u00e4r:<\/p>\n<p>&nbsp;<\/p>\n<ul>\n<li>\n<ul>\n<li>Namn<\/li>\n<\/ul>\n<\/li>\n<\/ul>\n<p>&nbsp;<\/p>\n<ul>\n<li>\n<ul>\n<li>Kontaktuppgifter, e-postadress och telefonnummer<\/li>\n<\/ul>\n<\/li>\n<\/ul>\n<p>&nbsp;<\/p>\n<ul>\n<li>\n<ul>\n<li>Adress samlas endast in vid hantering av fakturor eller vid anm\u00e4lan till s\u00e4llanf\u00f6rekommande evenemang<\/li>\n<\/ul>\n<\/li>\n<\/ul>\n<p>&nbsp;<\/p>\n<ul>\n<li>\n<ul>\n<li>Anv\u00e4ndardata (till exempel vilka webbsidor du bes\u00f6ker\/har bes\u00f6kt och var p\u00e5 webbsidorna du klickar\/har klickat)<\/li>\n<\/ul>\n<\/li>\n<\/ul>\n<p>&nbsp;<\/p>\n<ul>\n<li>\n<ul>\n<li>IP-adress<\/li>\n<\/ul>\n<\/li>\n<\/ul>\n<p>&nbsp;<\/p>\n<ul>\n<li>\n<ul>\n<li>Korrespondens med oss (exempelvis personuppgifter som du l\u00e4mnar i samband med kontakter med oss)<\/li>\n<\/ul>\n<\/li>\n<\/ul>\n<p>&nbsp;<\/p>\n<ul>\n<li>\n<ul>\n<li>Uppgifter om bes\u00f6ket vid besvarande av enk\u00e4t<\/li>\n<\/ul>\n<\/li>\n<\/ul>\n<p>&nbsp;<\/p>\n<p>&nbsp;<\/p>\nVarf\u00f6r vi behandlar dina personuppgifter<br \/>\nVi anv\u00e4nder dina personuppgifter f\u00f6r olika \u00e4ndam\u00e5l med syftet att ge relevant information och optimera och utveckla upplevelsen. Vilka personuppgifter som vi anv\u00e4nder beror p\u00e5 \u00e4ndam\u00e5let. Nedan f\u00f6ljer v\u00e5ra olika \u00e4ndam\u00e5l f\u00f6r personuppgiftsbehandling:\n<p>&nbsp;<\/p>\n1. Marknadsf\u00f6ring, t.ex. genom nyhetsbrev, marknadsf\u00f6ringserbjudanden, informationsenk\u00e4ter och inbjudningar<br \/>\nOm du prenumererar p\u00e5 v\u00e5rt nyhetsbrev behandlar vi dina personuppgifter baserat p\u00e5 ditt samtycke. Du har r\u00e4tt att n\u00e4r som helst \u00e5terkalla ditt l\u00e4mnade samtycke genom att mejla post@svenskabrasserier.se. Och du kan alltid avregistrera dig fr\u00e5n v\u00e5ra utskick i respektive kanal. Med st\u00f6d av intresseavv\u00e4gning kan vi ocks\u00e5 komma att anv\u00e4nda direktmarknadsf\u00f6ring de tillf\u00e4llen d\u00e5 vi har ett ber\u00e4ttigat intresse av detta.\n<p>&nbsp;<\/p>\n2. Bokningar<br \/>\nN\u00e4r du bokar bord p\u00e5 n\u00e5gon av restaurangerna som ing\u00e5r i Svenska Brasserier kommer vi att lagra dina uppgifter, detta kr\u00e4vs f\u00f6r att fullf\u00f6lja bokningen. N\u00e4r g\u00e4sten bokar ett bord ing\u00e5r parterna ett avtal vilket ber\u00e4ttigar behandling av personuppgifter f\u00f6r administration och statistik.\n<p>&nbsp;<\/p>\n<p>3. Best\u00e4llningar online eller i fysisk butikBehandling av dina personuppgifter sker med st\u00f6d av avtal f\u00f6r att kunna slutf\u00f6ra en f\u00f6rbest\u00e4llning online eller i butik.<\/p>\n<p>&nbsp;<\/p>\n4. Vid betalningar<br \/>\nF\u00f6r att hantera betalningar via faktura lagrar vi personuppgifter som fakturanummer, namn, epostadress, telefonnummer, belopp, f\u00f6rs\u00e4ljningsst\u00e4lle och best\u00e4llningsunderlag.\n<p>&nbsp;<\/p>\n5. Genomf\u00f6ra och hantera ditt deltagande i event<br \/>\nBehandling sker med st\u00f6d av v\u00e5rt ber\u00e4ttigade intresse att administrera och f\u00f6lja upp v\u00e5ra<br \/>\nevent samt att ge information som du beh\u00f6ver k\u00e4nna till inf\u00f6r och efter ditt deltagande.\n<p>&nbsp;<\/p>\n6. Utveckla v\u00e5ra tj\u00e4nster<br \/>\nTa fram statistik \u00f6ver best\u00e4llningar, webbplatsanv\u00e4ndning samt skicka ut enk\u00e4tunders\u00f6kningar i syfte att f\u00f6rb\u00e4ttra v\u00e5ra tj\u00e4nster och utveckla v\u00e5r produkt.\n<p>&nbsp;<\/p>\n<p>Trygg hantering av personuppgifter<\/p>\nDu kan vara trygg med att vi inte delar dina uppgifter med andra i de fall vi inte m\u00e5ste p\u00e5 grund av lagkrav eller i samband med r\u00e4ttsliga processer. Vi vidarebefordrar, s\u00e4ljer eller byter aldrig dina data f\u00f6r marknadsf\u00f6rings\u00e4ndam\u00e5l till tredje part utanf\u00f6r Sturehof AB. Uppgifter<br \/>\nsom hanteras av tredje part, som tj\u00e4nsteleverant\u00f6r, anv\u00e4ndas endast f\u00f6r att kunna tillhandah\u00e5lla tj\u00e4nster till v\u00e5ra g\u00e4ster.\n<p>&nbsp;<\/p>\n<p>Lagring<\/p>\n<p>Allm\u00e4nt sett sparar vi dina uppgifter s\u00e5 l\u00e4nge som uppgifterna \u00e4r n\u00f6dv\u00e4ndiga f\u00f6r att uppfylla de \u00e4ndam\u00e5l som uppgifterna samlades in f\u00f6r. Uppgifterna kan ocks\u00e5 sparas under den tid som kr\u00e4vs enligt till\u00e4mplig lag, till exempel under 7 \u00e5r f\u00f6r att uppfylla krav i bokf\u00f6ringslagen. I \u00f6vriga fall kommer vi regelbundet se \u00f6ver v\u00e5r personuppgiftshantering. Vi kan exempelvis radera dina uppgifter om du inte har varit i kontakt med oss p\u00e5 l\u00e4nge.<\/p>\n<p>&nbsp;<\/p>\n<p>Dina r\u00e4ttigheter<\/p>\n<p>Om du vill f\u00e5 insyn i din personuppgiftsbehandling har du r\u00e4tt att beg\u00e4ra att f\u00e5 tillg\u00e5ng till dina uppgifter. Om vi mottar en beg\u00e4ran om tillg\u00e5ng kan vi komma att fr\u00e5ga om ytterligare uppgifter f\u00f6r att s\u00e4kerst\u00e4lla att vi l\u00e4mnar ut uppgifterna till r\u00e4tt person. Du har ocks\u00e5 alltid r\u00e4tt att beg\u00e4ra att dina personuppgifter r\u00e4ttas. Vi kommer alltid att radera dina uppgifter i den utstr\u00e4ckning som kr\u00e4vs enligt till\u00e4mplig lag och vi kommer sj\u00e4lvklart alltid g\u00f6ra v\u00e5rt b\u00e4sta f\u00f6r att tillm\u00f6tesg\u00e5 din beg\u00e4ran om radering. Du har ocks\u00e5 r\u00e4tt att inv\u00e4nda mot v\u00e5r behandling (till exempel den behandling som baseras p\u00e5 v\u00e5ra ber\u00e4ttigade intressen) eller beg\u00e4ra att f\u00e5 de uppgifter som du har l\u00e4mnat till oss \u00f6verf\u00f6rda till en annan personuppgiftsansvarig (s\u00e5 kallad dataportering).<\/p>\n<p>&nbsp;<\/p>\n<p>Dina personuppgifter f\u00e5r inte behandlas f\u00f6r direktmarknadsf\u00f6ring eller profilering om du mots\u00e4tter dig s\u00e5dan behandling. Du har ocks\u00e5 r\u00e4tt att n\u00e4r som helst \u00e5terkalla ett l\u00e4mnat samtycke, t.ex. det samtycke som du som privatperson l\u00e4mnar n\u00e4r du b\u00f6rjar prenumerera p\u00e5 v\u00e5rt nyhetsbrev.<\/p>\n<p>&nbsp;<\/p>\nKlagom\u00e5l och tillsynsmyndighet<br \/>\nOm du anser att vi har hanterat dina personuppgifter p\u00e5 ett felaktigt s\u00e4tt har du r\u00e4tt att framst\u00e4lla klagom\u00e5l till Integritetsmyndigheten som \u00e4r tillsynsmyndighet f\u00f6r personuppgiftsbehandling.\n<p>&nbsp;<\/p>\nKontakta oss<br \/>\nOm du fortfarande har fr\u00e5gor om hur vi behandlar dina personuppgifter \u00e4r du v\u00e4lkommen att kontakta oss via e-post post@svenskabrasserier.se\n\n","protected":false},"excerpt":{"rendered":"<p>Integritetspolicy Integritetspolicy &nbsp; Denna integritetspolicy r\u00f6r dig som \u00e4r g\u00e4st p\u00e5 n\u00e5gon av Svenska Brasseriers restauranger. Din integritet \u00e4r viktig f\u00f6r oss och vi vill alltid vara \u00f6ppna med hur vi behandlar dina personuppgifter f\u00f6r att du ska k\u00e4nna dig trygg n\u00e4r du l\u00e4mnar dina uppgifter till oss. I denna integritetspolicy hittar du information om [&hellip;]<\/p>\n","protected":false},"author":2,"featured_media":0,"parent":0,"menu_order":0,"comment_status":"closed","ping_status":"closed","template":"","meta":{"_acf_changed":false,"footnotes":""},"class_list":["post-3933","page","type-page","status-publish","hentry"],"acf":[],"yoast_head":"<!-- This site is optimized with the Yoast SEO plugin v24.9 - https:\/\/yoast.com\/wordpress\/plugins\/seo\/ -->\n<title>Privacy policy | Teatergrillen<\/title>\n<meta name=\"robots\" content=\"index, follow, max-snippet:-1, max-image-preview:large, max-video-preview:-1\" \/>\n<link rel=\"canonical\" href=\"https:\/\/teatergrillen.se\/en\/privacy-policy\/\" \/>\n<meta property=\"og:locale\" content=\"en_US\" \/>\n<meta property=\"og:type\" content=\"article\" \/>\n<meta property=\"og:title\" content=\"Privacy policy | Teatergrillen\" \/>\n<meta property=\"og:description\" content=\"Integritetspolicy Integritetspolicy &nbsp; Denna integritetspolicy r\u00f6r dig som \u00e4r g\u00e4st p\u00e5 n\u00e5gon av Svenska Brasseriers restauranger. Din integritet \u00e4r viktig f\u00f6r oss och vi vill alltid vara \u00f6ppna med hur vi behandlar dina personuppgifter f\u00f6r att du ska k\u00e4nna dig trygg n\u00e4r du l\u00e4mnar dina uppgifter till oss. I denna integritetspolicy hittar du information om [&hellip;]\" \/>\n<meta property=\"og:url\" content=\"https:\/\/teatergrillen.se\/en\/privacy-policy\/\" \/>\n<meta property=\"og:site_name\" content=\"Teatergrillen EN\" \/>\n<meta property=\"article:modified_time\" content=\"2025-01-29T08:35:02+00:00\" \/>\n<meta name=\"twitter:card\" content=\"summary_large_image\" \/>\n<meta name=\"twitter:label1\" content=\"Est. reading time\" \/>\n\t<meta name=\"twitter:data1\" content=\"4 minutes\" \/>\n<script type=\"application\/ld+json\" class=\"yoast-schema-graph\">{\"@context\":\"https:\/\/schema.org\",\"@graph\":[{\"@type\":\"WebPage\",\"@id\":\"https:\/\/teatergrillen.se\/en\/privacy-policy\/\",\"url\":\"https:\/\/teatergrillen.se\/en\/privacy-policy\/\",\"name\":\"Privacy policy | Teatergrillen\",\"isPartOf\":{\"@id\":\"https:\/\/teatergrillen.se\/en\/#website\"},\"datePublished\":\"2022-04-11T12:53:12+00:00\",\"dateModified\":\"2025-01-29T08:35:02+00:00\",\"breadcrumb\":{\"@id\":\"https:\/\/teatergrillen.se\/en\/privacy-policy\/#breadcrumb\"},\"inLanguage\":\"en-US\",\"potentialAction\":[{\"@type\":\"ReadAction\",\"target\":[\"https:\/\/teatergrillen.se\/en\/privacy-policy\/\"]}]},{\"@type\":\"BreadcrumbList\",\"@id\":\"https:\/\/teatergrillen.se\/en\/privacy-policy\/#breadcrumb\",\"itemListElement\":[{\"@type\":\"ListItem\",\"position\":1,\"name\":\"Home\",\"item\":\"https:\/\/teatergrillen.se\/en\/\"},{\"@type\":\"ListItem\",\"position\":2,\"name\":\"privacy policy\/\"}]},{\"@type\":\"WebSite\",\"@id\":\"https:\/\/teatergrillen.se\/en\/#website\",\"url\":\"https:\/\/teatergrillen.se\/en\/\",\"name\":\"Teatergrillen EN\",\"description\":\"\",\"publisher\":{\"@id\":\"https:\/\/teatergrillen.se\/en\/#organization\"},\"potentialAction\":[{\"@type\":\"SearchAction\",\"target\":{\"@type\":\"EntryPoint\",\"urlTemplate\":\"https:\/\/teatergrillen.se\/en\/?s={search_term_string}\"},\"query-input\":{\"@type\":\"PropertyValueSpecification\",\"valueRequired\":true,\"valueName\":\"search_term_string\"}}],\"inLanguage\":\"en-US\"},{\"@type\":\"Organization\",\"@id\":\"https:\/\/teatergrillen.se\/en\/#organization\",\"name\":\"Teatergrillen EN\",\"url\":\"https:\/\/teatergrillen.se\/en\/\",\"logo\":{\"@type\":\"ImageObject\",\"inLanguage\":\"en-US\",\"@id\":\"https:\/\/teatergrillen.se\/en\/#\/schema\/logo\/image\/\",\"url\":\"\",\"contentUrl\":\"\",\"caption\":\"Teatergrillen EN\"},\"image\":{\"@id\":\"https:\/\/teatergrillen.se\/en\/#\/schema\/logo\/image\/\"}}]}<\/script>\n<!-- \/ Yoast SEO plugin. -->","yoast_head_json":{"title":"Privacy policy | Teatergrillen","robots":{"index":"index","follow":"follow","max-snippet":"max-snippet:-1","max-image-preview":"max-image-preview:large","max-video-preview":"max-video-preview:-1"},"canonical":"https:\/\/teatergrillen.se\/en\/privacy-policy\/","og_locale":"en_US","og_type":"article","og_title":"Privacy policy | Teatergrillen","og_description":"Integritetspolicy Integritetspolicy &nbsp; Denna integritetspolicy r\u00f6r dig som \u00e4r g\u00e4st p\u00e5 n\u00e5gon av Svenska Brasseriers restauranger. Din integritet \u00e4r viktig f\u00f6r oss och vi vill alltid vara \u00f6ppna med hur vi behandlar dina personuppgifter f\u00f6r att du ska k\u00e4nna dig trygg n\u00e4r du l\u00e4mnar dina uppgifter till oss. I denna integritetspolicy hittar du information om [&hellip;]","og_url":"https:\/\/teatergrillen.se\/en\/privacy-policy\/","og_site_name":"Teatergrillen EN","article_modified_time":"2025-01-29T08:35:02+00:00","twitter_card":"summary_large_image","twitter_misc":{"Est. reading time":"4 minutes"},"schema":{"@context":"https:\/\/schema.org","@graph":[{"@type":"WebPage","@id":"https:\/\/teatergrillen.se\/en\/privacy-policy\/","url":"https:\/\/teatergrillen.se\/en\/privacy-policy\/","name":"Privacy policy | Teatergrillen","isPartOf":{"@id":"https:\/\/teatergrillen.se\/en\/#website"},"datePublished":"2022-04-11T12:53:12+00:00","dateModified":"2025-01-29T08:35:02+00:00","breadcrumb":{"@id":"https:\/\/teatergrillen.se\/en\/privacy-policy\/#breadcrumb"},"inLanguage":"en-US","potentialAction":[{"@type":"ReadAction","target":["https:\/\/teatergrillen.se\/en\/privacy-policy\/"]}]},{"@type":"BreadcrumbList","@id":"https:\/\/teatergrillen.se\/en\/privacy-policy\/#breadcrumb","itemListElement":[{"@type":"ListItem","position":1,"name":"Home","item":"https:\/\/teatergrillen.se\/en\/"},{"@type":"ListItem","position":2,"name":"privacy policy\/"}]},{"@type":"WebSite","@id":"https:\/\/teatergrillen.se\/en\/#website","url":"https:\/\/teatergrillen.se\/en\/","name":"Teatergrillen EN","description":"","publisher":{"@id":"https:\/\/teatergrillen.se\/en\/#organization"},"potentialAction":[{"@type":"SearchAction","target":{"@type":"EntryPoint","urlTemplate":"https:\/\/teatergrillen.se\/en\/?s={search_term_string}"},"query-input":{"@type":"PropertyValueSpecification","valueRequired":true,"valueName":"search_term_string"}}],"inLanguage":"en-US"},{"@type":"Organization","@id":"https:\/\/teatergrillen.se\/en\/#organization","name":"Teatergrillen EN","url":"https:\/\/teatergrillen.se\/en\/","logo":{"@type":"ImageObject","inLanguage":"en-US","@id":"https:\/\/teatergrillen.se\/en\/#\/schema\/logo\/image\/","url":"","contentUrl":"","caption":"Teatergrillen EN"},"image":{"@id":"https:\/\/teatergrillen.se\/en\/#\/schema\/logo\/image\/"}}]}},"_links":{"self":[{"href":"https:\/\/teatergrillen.se\/en\/wp-json\/wp\/v2\/pages\/3933","targetHints":{"allow":["GET"]}}],"collection":[{"href":"https:\/\/teatergrillen.se\/en\/wp-json\/wp\/v2\/pages"}],"about":[{"href":"https:\/\/teatergrillen.se\/en\/wp-json\/wp\/v2\/types\/page"}],"author":[{"embeddable":true,"href":"https:\/\/teatergrillen.se\/en\/wp-json\/wp\/v2\/users\/2"}],"replies":[{"embeddable":true,"href":"https:\/\/teatergrillen.se\/en\/wp-json\/wp\/v2\/comments?post=3933"}],"version-history":[{"count":2,"href":"https:\/\/teatergrillen.se\/en\/wp-json\/wp\/v2\/pages\/3933\/revisions"}],"predecessor-version":[{"id":14818,"href":"https:\/\/teatergrillen.se\/en\/wp-json\/wp\/v2\/pages\/3933\/revisions\/14818"}],"wp:attachment":[{"href":"https:\/\/teatergrillen.se\/en\/wp-json\/wp\/v2\/media?parent=3933"}],"curies":[{"name":"wp","href":"https:\/\/api.w.org\/{rel}","templated":true}]}}